{"id":24,"date":"2019-05-16T04:59:25","date_gmt":"2019-05-16T04:59:25","guid":{"rendered":"http:\/\/bdevs.net\/theme\/klear\/?page_id=24"},"modified":"2025-06-13T23:24:56","modified_gmt":"2025-06-14T03:24:56","slug":"contact","status":"publish","type":"page","link":"https:\/\/gestionsanispec.ca\/en\/contact\/","title":{"rendered":"Contact"},"content":{"rendered":"<div class=\"wpb-content-wrapper\"><div class=\"vc_row wpb_row vc_row-fluid\"><div class=\"wpb_column vc_column_container vc_col-sm-12\"><div class=\"vc_column-inner vc_custom_1675683574848\"><div class=\"wpb_wrapper\"><div class=\"wpb_gmaps_widget wpb_content_element vc_custom_1675683749886 contact_map\"><div class=\"wpb_wrapper\"><div class=\"wpb_map_wraper\"><iframe src=\"https:\/\/www.google.com\/maps\/embed?pb=!1m18!1m12!1m3!1d178788.40363767164!2d-73.95489051487728!3d45.5589990041166!2m3!1f0!2f0!3f0!3m2!1i1024!2i768!4f13.1!3m3!1m2!1s0xbf8e1bf307182ff%3A0x59d23e72309de470!2sGestion%20Sanispec!5e0!3m2!1sfr!2smg!4v1743537325883!5m2!1sfr!2smg\" width=\"800\" height=\"650\" style=\"border:0;\" allowfullscreen=\"\" loading=\"lazy\" referrerpolicy=\"no-referrer-when-downgrade\"><\/iframe><\/div><\/div><\/div><\/div><\/div><\/div><\/div><div class=\"vc_row wpb_row vc_row-fluid\"><div class=\"wpb_column vc_column_container vc_col-sm-12\"><div class=\"vc_column-inner\"><div class=\"wpb_wrapper\">\t\t\t<section class=\"inner-contact-area pb-85\">\n\t\t\t<div class=\"container\">\n\t\t\t\t<div class=\"row\">\n\t\t\t\t\t<div class=\"col-lg-4 col-md-6\">\n<div class=\"single-contact-info p-relative mb-30\">\n<i class=\"far fa-headphones-alt\"><\/i>\n<h4>T\u00e9l\u00e9phone<\/h4>\n<div class=\"box-c-info\">\n<div class=\"box-c-icon\">\n<i class=\"far fa-phone\"><\/i>\n<\/div>\n<div class=\"box-c-content\">\n<span>(514) 621 6143<\/span>\n<\/div>\n<\/div>\n\n<\/div>\n<\/div>\n<div class=\"col-lg-4 col-md-6\">\n    <div class=\"single-contact-info active p-relative mb-30\">\n         <i class=\"fal fa-envelope-open\"><\/i>\n         <h4>Email<\/h4>\n         <div class=\"box-c-info\">\n             <div class=\"box-c-icon\">\n                 <i class=\"fal fa-envelope-open\"><\/i>\n             <\/div>\n             <div class=\"box-c-content\">\n                 <span>administration@gestionsanispec.ca<\/span>\n             <\/div>\n          <\/div>\n          \n        <\/div>\n<\/div>\n                        <div class=\"col-lg-4 col-md-6\">\n                            <div class=\"single-contact-info p-relative mb-30\">\n                                <i class=\"far fa-map-marked\"><\/i>\n                                <h4>Zone des services<\/h4>\n                                <div class=\"box-c-info\">\n                                    <div class=\"box-c-icon\">\n                                        <i class=\"far fa-map-marked\"><\/i>\n                                    <\/div>\n                                    <div class=\"box-c-content\">\n                                        <span>Montr\u00e9al, Rive-Sud, Rive-Nord et les environs<\/span>\n                                        <span>Lun-Dim: 9h00 - 17h00<\/span>\n                                    <\/div>\n                                <\/div>\n                                \n                            <\/div>\n                        <\/div>\t\t\t\t<\/div>\n\t\t\t<\/div>\n\t\t<\/section>\n\t\n\t<div class=\"wpb_text_column wpb_content_element center\" >\n\t\t<div class=\"wpb_wrapper\">\n\t\t\t<p><center><\/p>\n<h2>Pour demander une soumission<\/h2>\n<p><\/center><\/p>\n\n\t\t<\/div>\n\t<\/div>\n<\/div><\/div><\/div><\/div><div class=\"vc_row wpb_row vc_row-fluid\"><div class=\"wpb_column vc_column_container vc_col-sm-12\"><div class=\"vc_column-inner\"><div class=\"wpb_wrapper\">\n\t<div class=\"wpb_raw_code wpb_raw_html wpb_content_element\" >\n\t\t<div class=\"wpb_wrapper\">\n\t\t\t<?php\n\/\/ Place ce code dans le fichier functions.php de ton th\u00e8me ou via un plugin Code Snippets\nfunction formulaire_sanispec_shortcode() {\n    ob_start();\n    ?>\n    <style>\n    .form-sanispec {\n      font-family: Arial, sans-serif;\n      background-color: #fff;\n      padding: 20px;\n      max-width: 700px;\n      margin: auto;\n    }\n    .form-sanispec label {\n      display: block;\n      margin-top: 15px;\n      font-weight: bold;\n    }\n    .form-sanispec input[type=\"text\"],\n    .form-sanispec input[type=\"email\"],\n    .form-sanispec textarea {\n      width: 100%;\n      padding: 12px;\n      border: 1px solid #ccc;\n      border-radius: 6px;\n      box-sizing: border-box;\n      font-size: 16px;\n      margin-top: 5px;\n    }\n    .form-sanispec .services-list {\n      margin-top: 5px;\n    }\n    .form-sanispec .services-list label {\n      font-weight: normal;\n      display: block;\n      margin-bottom: 5px;\n      cursor: pointer;\n    }\n    .form-sanispec button {\n      margin-top: 20px;\n      padding: 12px 24px;\n      background-color: #0074d9;\n      color: white;\n      border: none;\n      border-radius: 6px;\n      font-size: 16px;\n      cursor: pointer;\n    }\n    .form-sanispec button:hover {\n      background-color: #005fa3;\n    }\n    <\/style>\n\n    <form class=\"form-sanispec\" action=\"https:\/\/formsubmit.co\/administration@gestionsanispec.ca\" method=\"POST\">\n\n      <!-- Nom -->\n      <label for=\"name\">Nom :<\/label>\n      <input type=\"text\" id=\"name\" name=\"name\" required>\n\n      <!-- Email -->\n      <label for=\"email\">Votre Email :<\/label>\n      <input type=\"email\" id=\"email\" name=\"email\" required>\n\n      <!-- Services (Checkboxes) -->\n      <label>Services :<\/label>\n      <div class=\"services-list\">\n        <label><input type=\"checkbox\" name=\"services[]\" value=\"Nettoyage sp\u00e9cialis\u00e9\"> Nettoyage sp\u00e9cialis\u00e9<\/label>\n        <label><input type=\"checkbox\" name=\"services[]\" value=\"Neutralisation des odeurs (ozone)\"> Neutralisation des odeurs (ozone)<\/label>\n        <label><input type=\"checkbox\" name=\"services[]\" value=\"urgence insalubrit\u00e9 (grand m\u00e9nage)\"> urgence insalubrit\u00e9 (grand m\u00e9nage)<\/label>\n        <label><input type=\"checkbox\" name=\"services[]\" value=\"Urgence sinistre (d\u00e9g\u00e2t d eau)\"> Urgence sinistre (d\u00e9g\u00e2t d eau)<\/label>\n        <label><input type=\"checkbox\" name=\"services[]\" value=\"service de conciergerie commercial et industriel\"> service de conciergerie commercial et industriel<\/label>\n      <\/div>\n\n      <!-- Message -->\n      <label for=\"message\">Message :<\/label>\n      <textarea id=\"message\" name=\"message\" rows=\"5\" required><\/textarea>\n\n      <!-- FormSubmit settings -->\n      <input type=\"hidden\" name=\"_cc\" value=\"antoine.cote@cyberperformance.ca\">\n      <input type=\"hidden\" name=\"_captcha\" value=\"true\">\n      <input type=\"hidden\" name=\"_next\" value=\"https:\/\/gestionsanispec.ca\/\">\n\n      <!-- Bouton -->\n      <button type=\"submit\">Envoyer<\/button>\n    <\/form>\n    <?php\n    return ob_get_clean();\n}\nadd_shortcode('formulaire_sanispec', 'formulaire_sanispec_shortcode');\n?>\n\n\t\t<\/div>\n\t<\/div>\n<\/div><\/div><\/div><\/div>\n<\/div>","protected":false},"excerpt":{"rendered":"T\u00e9l\u00e9phone (514) 621 6143 Email administration@gestionsanispec.ca Zone des services Montr\u00e9al, Rive-Sud, Rive-Nord et les environs Lun-Dim: 9h00 - 17h00 Pour demander une soumission Nom : Votre Email : Services : Nettoyage sp\u00e9cialis\u00e9 Neutralisation des odeurs (ozone) urgence insalubrit\u00e9 (grand m\u00e9nage) Urgence sinistre (d\u00e9g\u00e2t d eau) service de conciergerie commercial et industriel Message : Envoyer","protected":false},"author":1,"featured_media":0,"parent":0,"menu_order":0,"comment_status":"closed","ping_status":"closed","template":"vc-page.php","meta":{"_acf_changed":false,"_exactmetrics_skip_tracking":false,"_exactmetrics_sitenote_active":false,"_exactmetrics_sitenote_note":"","_exactmetrics_sitenote_category":0,"footnotes":""},"class_list":["post-24","page","type-page","status-publish","hentry"],"acf":[],"yoast_head":"<!-- This site is optimized with the Yoast SEO plugin v24.9 - https:\/\/yoast.com\/wordpress\/plugins\/seo\/ -->\n<title>Contact - Gestion Sanispec<\/title>\n<meta name=\"description\" content=\"Contactez Gestion Sanispec pour une soumission rapide ou des informations sur nos services de nettoyage. R\u00e9ponse rapide et service personnalis\u00e9.\" \/>\n<meta name=\"robots\" content=\"index, follow, max-snippet:-1, max-image-preview:large, max-video-preview:-1\" \/>\n<link rel=\"canonical\" href=\"https:\/\/gestionsanispec.ca\/en\/contact\/\" \/>\n<meta property=\"og:locale\" content=\"en_US\" \/>\n<meta property=\"og:type\" content=\"article\" \/>\n<meta property=\"og:title\" content=\"Contact - Gestion Sanispec\" \/>\n<meta property=\"og:description\" content=\"Contactez Gestion Sanispec pour une soumission rapide ou des informations sur nos services de nettoyage. R\u00e9ponse rapide et service personnalis\u00e9.\" \/>\n<meta property=\"og:url\" content=\"https:\/\/gestionsanispec.ca\/en\/contact\/\" \/>\n<meta property=\"og:site_name\" content=\"Gestion Sanispec\" \/>\n<meta property=\"article:modified_time\" content=\"2025-06-14T03:24:56+00:00\" \/>\n<meta name=\"twitter:card\" content=\"summary_large_image\" \/>\n<meta name=\"twitter:label1\" content=\"Est. reading time\" \/>\n\t<meta name=\"twitter:data1\" content=\"4 minutes\" \/>\n<script type=\"application\/ld+json\" class=\"yoast-schema-graph\">{\"@context\":\"https:\/\/schema.org\",\"@graph\":[{\"@type\":\"WebPage\",\"@id\":\"https:\/\/gestionsanispec.ca\/contact\/\",\"url\":\"https:\/\/gestionsanispec.ca\/contact\/\",\"name\":\"Contact - Gestion Sanispec\",\"isPartOf\":{\"@id\":\"https:\/\/gestionsanispec.ca\/#website\"},\"datePublished\":\"2019-05-16T04:59:25+00:00\",\"dateModified\":\"2025-06-14T03:24:56+00:00\",\"description\":\"Contactez Gestion Sanispec pour une soumission rapide ou des informations sur nos services de nettoyage. R\u00e9ponse rapide et service personnalis\u00e9.\",\"breadcrumb\":{\"@id\":\"https:\/\/gestionsanispec.ca\/contact\/#breadcrumb\"},\"inLanguage\":\"en-CA\",\"potentialAction\":[{\"@type\":\"ReadAction\",\"target\":[\"https:\/\/gestionsanispec.ca\/contact\/\"]}]},{\"@type\":\"BreadcrumbList\",\"@id\":\"https:\/\/gestionsanispec.ca\/contact\/#breadcrumb\",\"itemListElement\":[{\"@type\":\"ListItem\",\"position\":1,\"name\":\"Accueil\",\"item\":\"https:\/\/gestionsanispec.ca\/\"},{\"@type\":\"ListItem\",\"position\":2,\"name\":\"Contactez-nous\"}]},{\"@type\":\"WebSite\",\"@id\":\"https:\/\/gestionsanispec.ca\/#website\",\"url\":\"https:\/\/gestionsanispec.ca\/\",\"name\":\"Gestion Sanispec\",\"description\":\"Hygi\u00e8ne et Salubrit\u00e9\",\"publisher\":{\"@id\":\"https:\/\/gestionsanispec.ca\/#organization\"},\"potentialAction\":[{\"@type\":\"SearchAction\",\"target\":{\"@type\":\"EntryPoint\",\"urlTemplate\":\"https:\/\/gestionsanispec.ca\/?s={search_term_string}\"},\"query-input\":{\"@type\":\"PropertyValueSpecification\",\"valueRequired\":true,\"valueName\":\"search_term_string\"}}],\"inLanguage\":\"en-CA\"},{\"@type\":\"Organization\",\"@id\":\"https:\/\/gestionsanispec.ca\/#organization\",\"name\":\"Gestion Sanispec\",\"url\":\"https:\/\/gestionsanispec.ca\/\",\"logo\":{\"@type\":\"ImageObject\",\"inLanguage\":\"en-CA\",\"@id\":\"https:\/\/gestionsanispec.ca\/#\/schema\/logo\/image\/\",\"url\":\"https:\/\/gestionsanispec.ca\/wp-content\/uploads\/2025\/03\/logo_gestionsanispec.png\",\"contentUrl\":\"https:\/\/gestionsanispec.ca\/wp-content\/uploads\/2025\/03\/logo_gestionsanispec.png\",\"width\":100,\"height\":100,\"caption\":\"Gestion Sanispec\"},\"image\":{\"@id\":\"https:\/\/gestionsanispec.ca\/#\/schema\/logo\/image\/\"}}]}<\/script>\n<!-- \/ Yoast SEO plugin. -->","yoast_head_json":{"title":"Contact - Gestion Sanispec","description":"Contactez Gestion Sanispec pour une soumission rapide ou des informations sur nos services de nettoyage. R\u00e9ponse rapide et service personnalis\u00e9.","robots":{"index":"index","follow":"follow","max-snippet":"max-snippet:-1","max-image-preview":"max-image-preview:large","max-video-preview":"max-video-preview:-1"},"canonical":"https:\/\/gestionsanispec.ca\/en\/contact\/","og_locale":"en_US","og_type":"article","og_title":"Contact - Gestion Sanispec","og_description":"Contactez Gestion Sanispec pour une soumission rapide ou des informations sur nos services de nettoyage. R\u00e9ponse rapide et service personnalis\u00e9.","og_url":"https:\/\/gestionsanispec.ca\/en\/contact\/","og_site_name":"Gestion Sanispec","article_modified_time":"2025-06-14T03:24:56+00:00","twitter_card":"summary_large_image","twitter_misc":{"Est. reading time":"4 minutes"},"schema":{"@context":"https:\/\/schema.org","@graph":[{"@type":"WebPage","@id":"https:\/\/gestionsanispec.ca\/contact\/","url":"https:\/\/gestionsanispec.ca\/contact\/","name":"Contact - Gestion Sanispec","isPartOf":{"@id":"https:\/\/gestionsanispec.ca\/#website"},"datePublished":"2019-05-16T04:59:25+00:00","dateModified":"2025-06-14T03:24:56+00:00","description":"Contactez Gestion Sanispec pour une soumission rapide ou des informations sur nos services de nettoyage. R\u00e9ponse rapide et service personnalis\u00e9.","breadcrumb":{"@id":"https:\/\/gestionsanispec.ca\/contact\/#breadcrumb"},"inLanguage":"en-CA","potentialAction":[{"@type":"ReadAction","target":["https:\/\/gestionsanispec.ca\/contact\/"]}]},{"@type":"BreadcrumbList","@id":"https:\/\/gestionsanispec.ca\/contact\/#breadcrumb","itemListElement":[{"@type":"ListItem","position":1,"name":"Accueil","item":"https:\/\/gestionsanispec.ca\/"},{"@type":"ListItem","position":2,"name":"Contactez-nous"}]},{"@type":"WebSite","@id":"https:\/\/gestionsanispec.ca\/#website","url":"https:\/\/gestionsanispec.ca\/","name":"Gestion Sanispec","description":"Hygi\u00e8ne et Salubrit\u00e9","publisher":{"@id":"https:\/\/gestionsanispec.ca\/#organization"},"potentialAction":[{"@type":"SearchAction","target":{"@type":"EntryPoint","urlTemplate":"https:\/\/gestionsanispec.ca\/?s={search_term_string}"},"query-input":{"@type":"PropertyValueSpecification","valueRequired":true,"valueName":"search_term_string"}}],"inLanguage":"en-CA"},{"@type":"Organization","@id":"https:\/\/gestionsanispec.ca\/#organization","name":"Gestion Sanispec","url":"https:\/\/gestionsanispec.ca\/","logo":{"@type":"ImageObject","inLanguage":"en-CA","@id":"https:\/\/gestionsanispec.ca\/#\/schema\/logo\/image\/","url":"https:\/\/gestionsanispec.ca\/wp-content\/uploads\/2025\/03\/logo_gestionsanispec.png","contentUrl":"https:\/\/gestionsanispec.ca\/wp-content\/uploads\/2025\/03\/logo_gestionsanispec.png","width":100,"height":100,"caption":"Gestion Sanispec"},"image":{"@id":"https:\/\/gestionsanispec.ca\/#\/schema\/logo\/image\/"}}]}},"_links":{"self":[{"href":"https:\/\/gestionsanispec.ca\/en\/wp-json\/wp\/v2\/pages\/24","targetHints":{"allow":["GET"]}}],"collection":[{"href":"https:\/\/gestionsanispec.ca\/en\/wp-json\/wp\/v2\/pages"}],"about":[{"href":"https:\/\/gestionsanispec.ca\/en\/wp-json\/wp\/v2\/types\/page"}],"author":[{"embeddable":true,"href":"https:\/\/gestionsanispec.ca\/en\/wp-json\/wp\/v2\/users\/1"}],"replies":[{"embeddable":true,"href":"https:\/\/gestionsanispec.ca\/en\/wp-json\/wp\/v2\/comments?post=24"}],"version-history":[{"count":11,"href":"https:\/\/gestionsanispec.ca\/en\/wp-json\/wp\/v2\/pages\/24\/revisions"}],"predecessor-version":[{"id":1152,"href":"https:\/\/gestionsanispec.ca\/en\/wp-json\/wp\/v2\/pages\/24\/revisions\/1152"}],"wp:attachment":[{"href":"https:\/\/gestionsanispec.ca\/en\/wp-json\/wp\/v2\/media?parent=24"}],"curies":[{"name":"wp","href":"https:\/\/api.w.org\/{rel}","templated":true}]}}