{"id":661,"date":"2019-05-16T04:58:40","date_gmt":"2019-05-16T04:58:40","guid":{"rendered":"http:\/\/bdevs.net\/theme\/klear\/?page_id=20"},"modified":"2025-04-02T15:54:42","modified_gmt":"2025-04-02T19:54:42","slug":"blog","status":"publish","type":"page","link":"https:\/\/gestionsanispec.ca\/en\/blog\/","title":{"rendered":"Blog"},"content":{"rendered":"<div class=\"wpb-content-wrapper\"><div class=\"vc_row wpb_row vc_row-fluid\"><div class=\"wpb_column vc_column_container vc_col-sm-12\"><div class=\"vc_column-inner\"><div class=\"wpb_wrapper\">    <section class=\"blog-area pt-115 pb-70\">\n        <div class=\"container\">\n            <div class=\"row justify-content-center\">\n                <div class=\"col-xl-8 col-lg-10\">\n                    <div class=\"section-title text-center mb-70\">\n                                                                    <\/div>\n                <\/div>\n            <\/div>\n            <div class=\"row\">\n                                        <div class=\"col-xl-4 col-md-6\">\n                            <div class=\"single-post mb-50\">\n                                                                    <div class=\"post-thumb mb-40\">\n                                        <a href=\"https:\/\/gestionsanispec.ca\/en\/pourquoi-opter-pour-un-service-de-nettoyage-professionnel-avantages-et-benefices\/\"><img loading=\"lazy\" decoding=\"async\" width=\"770\" height=\"450\" src=\"https:\/\/gestionsanispec.ca\/wp-content\/uploads\/2019\/05\/blog-04.jpg\" class=\"attachment-post-thumbnail size-post-thumbnail wp-post-image\" alt=\"\" srcset=\"https:\/\/gestionsanispec.ca\/wp-content\/uploads\/2019\/05\/blog-04.jpg 770w, https:\/\/gestionsanispec.ca\/wp-content\/uploads\/2019\/05\/blog-04-300x175.jpg 300w, https:\/\/gestionsanispec.ca\/wp-content\/uploads\/2019\/05\/blog-04-768x449.jpg 768w, https:\/\/gestionsanispec.ca\/wp-content\/uploads\/2019\/05\/blog-04-600x351.jpg 600w\" sizes=\"auto, (max-width: 770px) 100vw, 770px\" \/><\/a>\n                                    <\/div>\n                                \n                                <div class=\"post-avatar mb-20\">\n                                    <div class=\"s-post-meta mb-20\">\n                                        <ul class=\"p-0\">\n                                            <li><i class=\"fal fa-user\"><\/i> <a href=\"https:\/\/gestionsanispec.ca\/en\/author\/wpauseru4v29xgn\/\">wpauseru4V29xgN<\/a><\/li>\n                                            <li><i class=\"fal fa-calendar-alt\"><\/i> May 21, 2019<\/li>\n                                        <\/ul>\n                                    <\/div>\n                                <\/div>\n                                <div class=\"post-content\">\n                                    <h4>\n                                        <a href=\"https:\/\/gestionsanispec.ca\/en\/pourquoi-opter-pour-un-service-de-nettoyage-professionnel-avantages-et-benefices\/\">\n                                            Pourquoi opter pour un service de nettoyage professionnel                                        <\/a>\n                                    <\/h4>\n                                    <p>Faire appel \u00e0 un service de nettoyage professionnel, ce n\u2019est pas un luxe \u2014 c\u2019est<\/p>\n                                                                            <a href=\"https:\/\/gestionsanispec.ca\/en\/pourquoi-opter-pour-un-service-de-nettoyage-professionnel-avantages-et-benefices\/\" class=\"btn\">Lire la suite<\/a>\n                                                                    <\/div>\n                            <\/div>\n                        <\/div>\n                                        <div class=\"col-xl-4 col-md-6\">\n                            <div class=\"single-post mb-50\">\n                                                                    <div class=\"post-thumb mb-40\">\n                                        <a href=\"https:\/\/gestionsanispec.ca\/en\/les-5-erreurs-courantes-a-eviter-lors-de-lembauche-dun-service-de-nettoyage\/\"><img loading=\"lazy\" decoding=\"async\" width=\"770\" height=\"450\" src=\"https:\/\/gestionsanispec.ca\/wp-content\/uploads\/2019\/05\/blog-05.jpg\" class=\"attachment-post-thumbnail size-post-thumbnail wp-post-image\" alt=\"\" srcset=\"https:\/\/gestionsanispec.ca\/wp-content\/uploads\/2019\/05\/blog-05.jpg 770w, https:\/\/gestionsanispec.ca\/wp-content\/uploads\/2019\/05\/blog-05-300x175.jpg 300w, https:\/\/gestionsanispec.ca\/wp-content\/uploads\/2019\/05\/blog-05-768x449.jpg 768w, https:\/\/gestionsanispec.ca\/wp-content\/uploads\/2019\/05\/blog-05-600x351.jpg 600w\" sizes=\"auto, (max-width: 770px) 100vw, 770px\" \/><\/a>\n                                    <\/div>\n                                \n                                <div class=\"post-avatar mb-20\">\n                                    <div class=\"s-post-meta mb-20\">\n                                        <ul class=\"p-0\">\n                                            <li><i class=\"fal fa-user\"><\/i> <a href=\"https:\/\/gestionsanispec.ca\/en\/author\/wpauseru4v29xgn\/\">wpauseru4V29xgN<\/a><\/li>\n                                            <li><i class=\"fal fa-calendar-alt\"><\/i> May 21, 2019<\/li>\n                                        <\/ul>\n                                    <\/div>\n                                <\/div>\n                                <div class=\"post-content\">\n                                    <h4>\n                                        <a href=\"https:\/\/gestionsanispec.ca\/en\/les-5-erreurs-courantes-a-eviter-lors-de-lembauche-dun-service-de-nettoyage\/\">\n                                            Les 5 erreurs courantes \u00e0 \u00e9viter pour un service                                        <\/a>\n                                    <\/h4>\n                                    <p>Choisir un service de nettoyage peut sembler simple, mais certaines erreurs peuvent vous co\u00fbter temps,<\/p>\n                                                                            <a href=\"https:\/\/gestionsanispec.ca\/en\/les-5-erreurs-courantes-a-eviter-lors-de-lembauche-dun-service-de-nettoyage\/\" class=\"btn\">Lire la suite<\/a>\n                                                                    <\/div>\n                            <\/div>\n                        <\/div>\n                                        <div class=\"col-xl-4 col-md-6\">\n                            <div class=\"single-post mb-50\">\n                                                                    <div class=\"post-thumb mb-40\">\n                                        <a href=\"https:\/\/gestionsanispec.ca\/en\/limportance-du-nettoyage-apres-construction-ce-quil-faut-savoir\/\"><img loading=\"lazy\" decoding=\"async\" width=\"770\" height=\"450\" src=\"https:\/\/gestionsanispec.ca\/wp-content\/uploads\/2019\/05\/blog-08.jpg\" class=\"attachment-post-thumbnail size-post-thumbnail wp-post-image\" alt=\"\" srcset=\"https:\/\/gestionsanispec.ca\/wp-content\/uploads\/2019\/05\/blog-08.jpg 770w, https:\/\/gestionsanispec.ca\/wp-content\/uploads\/2019\/05\/blog-08-300x175.jpg 300w, https:\/\/gestionsanispec.ca\/wp-content\/uploads\/2019\/05\/blog-08-768x449.jpg 768w, https:\/\/gestionsanispec.ca\/wp-content\/uploads\/2019\/05\/blog-08-600x351.jpg 600w\" sizes=\"auto, (max-width: 770px) 100vw, 770px\" \/><\/a>\n                                    <\/div>\n                                \n                                <div class=\"post-avatar mb-20\">\n                                    <div class=\"s-post-meta mb-20\">\n                                        <ul class=\"p-0\">\n                                            <li><i class=\"fal fa-user\"><\/i> <a href=\"https:\/\/gestionsanispec.ca\/en\/author\/wpauseru4v29xgn\/\">wpauseru4V29xgN<\/a><\/li>\n                                            <li><i class=\"fal fa-calendar-alt\"><\/i> May 21, 2019<\/li>\n                                        <\/ul>\n                                    <\/div>\n                                <\/div>\n                                <div class=\"post-content\">\n                                    <h4>\n                                        <a href=\"https:\/\/gestionsanispec.ca\/en\/limportance-du-nettoyage-apres-construction-ce-quil-faut-savoir\/\">\n                                            L&rsquo;importance du nettoyage apr\u00e8s construction : ce qu&rsquo;il faut                                        <\/a>\n                                    <\/h4>\n                                    <p>Apr\u00e8s des travaux de construction ou de r\u00e9novation, un nettoyage en profondeur est essentiel avant<\/p>\n                                                                            <a href=\"https:\/\/gestionsanispec.ca\/en\/limportance-du-nettoyage-apres-construction-ce-quil-faut-savoir\/\" class=\"btn\">Lire la suite<\/a>\n                                                                    <\/div>\n                            <\/div>\n                        <\/div>\n                                        <div class=\"col-xl-4 col-md-6\">\n                            <div class=\"single-post mb-50\">\n                                                                    <div class=\"post-thumb mb-40\">\n                                        <a href=\"https:\/\/gestionsanispec.ca\/en\/nettoyage-ecologique-comment-les-services-de-nettoyage-respectent-lenvironnement\/\"><img loading=\"lazy\" decoding=\"async\" width=\"770\" height=\"450\" src=\"https:\/\/gestionsanispec.ca\/wp-content\/uploads\/2019\/05\/blog-06.jpg\" class=\"attachment-post-thumbnail size-post-thumbnail wp-post-image\" alt=\"\" srcset=\"https:\/\/gestionsanispec.ca\/wp-content\/uploads\/2019\/05\/blog-06.jpg 770w, https:\/\/gestionsanispec.ca\/wp-content\/uploads\/2019\/05\/blog-06-300x175.jpg 300w, https:\/\/gestionsanispec.ca\/wp-content\/uploads\/2019\/05\/blog-06-768x449.jpg 768w, https:\/\/gestionsanispec.ca\/wp-content\/uploads\/2019\/05\/blog-06-600x351.jpg 600w\" sizes=\"auto, (max-width: 770px) 100vw, 770px\" \/><\/a>\n                                    <\/div>\n                                \n                                <div class=\"post-avatar mb-20\">\n                                    <div class=\"s-post-meta mb-20\">\n                                        <ul class=\"p-0\">\n                                            <li><i class=\"fal fa-user\"><\/i> <a href=\"https:\/\/gestionsanispec.ca\/en\/author\/wpauseru4v29xgn\/\">wpauseru4V29xgN<\/a><\/li>\n                                            <li><i class=\"fal fa-calendar-alt\"><\/i> May 21, 2019<\/li>\n                                        <\/ul>\n                                    <\/div>\n                                <\/div>\n                                <div class=\"post-content\">\n                                    <h4>\n                                        <a href=\"https:\/\/gestionsanispec.ca\/en\/nettoyage-ecologique-comment-les-services-de-nettoyage-respectent-lenvironnement\/\">\n                                            Comment les services de nettoyage respectent l&rsquo;environnement                                        <\/a>\n                                    <\/h4>\n                                    <p>De plus en plus de services de nettoyage adoptent des pratiques \u00e9cologiques pour r\u00e9pondre aux<\/p>\n                                                                            <a href=\"https:\/\/gestionsanispec.ca\/en\/nettoyage-ecologique-comment-les-services-de-nettoyage-respectent-lenvironnement\/\" class=\"btn\">Lire la suite<\/a>\n                                                                    <\/div>\n                            <\/div>\n                        <\/div>\n                                        <div class=\"col-xl-4 col-md-6\">\n                            <div class=\"single-post mb-50\">\n                                                                    <div class=\"post-thumb mb-40\">\n                                        <a href=\"https:\/\/gestionsanispec.ca\/en\/comment-choisir-la-meilleure-compagnie-apres-sinistre\/\"><img loading=\"lazy\" decoding=\"async\" width=\"1536\" height=\"1024\" src=\"https:\/\/gestionsanispec.ca\/wp-content\/uploads\/2025\/06\/Comment-choisir-la-meilleure-compagnie-apres-sinistre-1.png\" class=\"attachment-post-thumbnail size-post-thumbnail wp-post-image\" alt=\"\" srcset=\"https:\/\/gestionsanispec.ca\/wp-content\/uploads\/2025\/06\/Comment-choisir-la-meilleure-compagnie-apres-sinistre-1.png 1536w, https:\/\/gestionsanispec.ca\/wp-content\/uploads\/2025\/06\/Comment-choisir-la-meilleure-compagnie-apres-sinistre-1-300x200.png 300w, https:\/\/gestionsanispec.ca\/wp-content\/uploads\/2025\/06\/Comment-choisir-la-meilleure-compagnie-apres-sinistre-1-1024x683.png 1024w, https:\/\/gestionsanispec.ca\/wp-content\/uploads\/2025\/06\/Comment-choisir-la-meilleure-compagnie-apres-sinistre-1-768x512.png 768w, https:\/\/gestionsanispec.ca\/wp-content\/uploads\/2025\/06\/Comment-choisir-la-meilleure-compagnie-apres-sinistre-1-18x12.png 18w\" sizes=\"auto, (max-width: 1536px) 100vw, 1536px\" \/><\/a>\n                                    <\/div>\n                                \n                                <div class=\"post-avatar mb-20\">\n                                    <div class=\"s-post-meta mb-20\">\n                                        <ul class=\"p-0\">\n                                            <li><i class=\"fal fa-user\"><\/i> <a href=\"https:\/\/gestionsanispec.ca\/en\/author\/wpauseru4v29xgn\/\">wpauseru4V29xgN<\/a><\/li>\n                                            <li><i class=\"fal fa-calendar-alt\"><\/i> June 4, 2025<\/li>\n                                        <\/ul>\n                                    <\/div>\n                                <\/div>\n                                <div class=\"post-content\">\n                                    <h4>\n                                        <a href=\"https:\/\/gestionsanispec.ca\/en\/comment-choisir-la-meilleure-compagnie-apres-sinistre\/\">\n                                            Comment choisir la meilleure compagnie apr\u00e8s sinistre                                        <\/a>\n                                    <\/h4>\n                                    <p>Choisir la bonne compagnie apr\u00e8s sinistre peut faire toute la diff\u00e9rence entre une restauration efficace<\/p>\n                                                                            <a href=\"https:\/\/gestionsanispec.ca\/en\/comment-choisir-la-meilleure-compagnie-apres-sinistre\/\" class=\"btn\">Lire la suite<\/a>\n                                                                    <\/div>\n                            <\/div>\n                        <\/div>\n                            <\/div>\n        <\/div>\n    <\/section>\n\n<\/div><\/div><\/div><\/div>\n<\/div>","protected":false},"excerpt":{"rendered":"Choisir la bonne compagnie apr\u00e8s sinistre peut faire toute la diff\u00e9rence entre une restauration efficace et des complications co\u00fbteuses. Face aux plus de 60 000 urgences trait\u00e9es annuellement par les grandes entreprises du secteur, il est essentiel de savoir vers qui se diriger. D'ailleurs, les statistiques montrent qu'une intervention rapide am\u00e9liore consid\u00e9rablement les r\u00e9sultats de [...]","protected":false},"author":1,"featured_media":0,"parent":0,"menu_order":0,"comment_status":"closed","ping_status":"closed","template":"vc-page.php","meta":{"_acf_changed":false,"_exactmetrics_skip_tracking":false,"_exactmetrics_sitenote_active":false,"_exactmetrics_sitenote_note":"","_exactmetrics_sitenote_category":0,"footnotes":""},"class_list":["post-661","page","type-page","status-publish","hentry"],"acf":[],"yoast_head":"<!-- This site is optimized with the Yoast SEO plugin v24.9 - https:\/\/yoast.com\/wordpress\/plugins\/seo\/ -->\n<title>Blog - Gestion Sanispec<\/title>\n<meta name=\"robots\" content=\"index, follow, max-snippet:-1, max-image-preview:large, max-video-preview:-1\" \/>\n<link rel=\"canonical\" href=\"https:\/\/gestionsanispec.ca\/en\/blog\/\" \/>\n<meta property=\"og:locale\" content=\"en_US\" \/>\n<meta property=\"og:type\" content=\"article\" \/>\n<meta property=\"og:title\" content=\"Blog - Gestion Sanispec\" \/>\n<meta property=\"og:url\" content=\"https:\/\/gestionsanispec.ca\/en\/blog\/\" \/>\n<meta property=\"og:site_name\" content=\"Gestion Sanispec\" \/>\n<meta property=\"article:modified_time\" content=\"2025-04-02T19:54:42+00:00\" \/>\n<meta name=\"twitter:card\" content=\"summary_large_image\" \/>\n<script type=\"application\/ld+json\" class=\"yoast-schema-graph\">{\"@context\":\"https:\/\/schema.org\",\"@graph\":[{\"@type\":\"WebPage\",\"@id\":\"https:\/\/gestionsanispec.ca\/blog\/\",\"url\":\"https:\/\/gestionsanispec.ca\/blog\/\",\"name\":\"Blog - Gestion Sanispec\",\"isPartOf\":{\"@id\":\"https:\/\/gestionsanispec.ca\/#website\"},\"datePublished\":\"2019-05-16T04:58:40+00:00\",\"dateModified\":\"2025-04-02T19:54:42+00:00\",\"breadcrumb\":{\"@id\":\"https:\/\/gestionsanispec.ca\/blog\/#breadcrumb\"},\"inLanguage\":\"en-CA\",\"potentialAction\":[{\"@type\":\"ReadAction\",\"target\":[\"https:\/\/gestionsanispec.ca\/blog\/\"]}]},{\"@type\":\"BreadcrumbList\",\"@id\":\"https:\/\/gestionsanispec.ca\/blog\/#breadcrumb\",\"itemListElement\":[{\"@type\":\"ListItem\",\"position\":1,\"name\":\"Accueil\",\"item\":\"https:\/\/gestionsanispec.ca\/\"},{\"@type\":\"ListItem\",\"position\":2,\"name\":\"Blog\"}]},{\"@type\":\"WebSite\",\"@id\":\"https:\/\/gestionsanispec.ca\/#website\",\"url\":\"https:\/\/gestionsanispec.ca\/\",\"name\":\"Gestion Sanispec\",\"description\":\"Hygi\u00e8ne et Salubrit\u00e9\",\"publisher\":{\"@id\":\"https:\/\/gestionsanispec.ca\/#organization\"},\"potentialAction\":[{\"@type\":\"SearchAction\",\"target\":{\"@type\":\"EntryPoint\",\"urlTemplate\":\"https:\/\/gestionsanispec.ca\/?s={search_term_string}\"},\"query-input\":{\"@type\":\"PropertyValueSpecification\",\"valueRequired\":true,\"valueName\":\"search_term_string\"}}],\"inLanguage\":\"en-CA\"},{\"@type\":\"Organization\",\"@id\":\"https:\/\/gestionsanispec.ca\/#organization\",\"name\":\"Gestion Sanispec\",\"url\":\"https:\/\/gestionsanispec.ca\/\",\"logo\":{\"@type\":\"ImageObject\",\"inLanguage\":\"en-CA\",\"@id\":\"https:\/\/gestionsanispec.ca\/#\/schema\/logo\/image\/\",\"url\":\"https:\/\/gestionsanispec.ca\/wp-content\/uploads\/2025\/03\/logo_gestionsanispec.png\",\"contentUrl\":\"https:\/\/gestionsanispec.ca\/wp-content\/uploads\/2025\/03\/logo_gestionsanispec.png\",\"width\":100,\"height\":100,\"caption\":\"Gestion Sanispec\"},\"image\":{\"@id\":\"https:\/\/gestionsanispec.ca\/#\/schema\/logo\/image\/\"}}]}<\/script>\n<!-- \/ Yoast SEO plugin. -->","yoast_head_json":{"title":"Blog - Gestion Sanispec","robots":{"index":"index","follow":"follow","max-snippet":"max-snippet:-1","max-image-preview":"max-image-preview:large","max-video-preview":"max-video-preview:-1"},"canonical":"https:\/\/gestionsanispec.ca\/en\/blog\/","og_locale":"en_US","og_type":"article","og_title":"Blog - Gestion Sanispec","og_url":"https:\/\/gestionsanispec.ca\/en\/blog\/","og_site_name":"Gestion Sanispec","article_modified_time":"2025-04-02T19:54:42+00:00","twitter_card":"summary_large_image","schema":{"@context":"https:\/\/schema.org","@graph":[{"@type":"WebPage","@id":"https:\/\/gestionsanispec.ca\/blog\/","url":"https:\/\/gestionsanispec.ca\/blog\/","name":"Blog - Gestion Sanispec","isPartOf":{"@id":"https:\/\/gestionsanispec.ca\/#website"},"datePublished":"2019-05-16T04:58:40+00:00","dateModified":"2025-04-02T19:54:42+00:00","breadcrumb":{"@id":"https:\/\/gestionsanispec.ca\/blog\/#breadcrumb"},"inLanguage":"en-CA","potentialAction":[{"@type":"ReadAction","target":["https:\/\/gestionsanispec.ca\/blog\/"]}]},{"@type":"BreadcrumbList","@id":"https:\/\/gestionsanispec.ca\/blog\/#breadcrumb","itemListElement":[{"@type":"ListItem","position":1,"name":"Accueil","item":"https:\/\/gestionsanispec.ca\/"},{"@type":"ListItem","position":2,"name":"Blog"}]},{"@type":"WebSite","@id":"https:\/\/gestionsanispec.ca\/#website","url":"https:\/\/gestionsanispec.ca\/","name":"Gestion Sanispec","description":"Hygi\u00e8ne et Salubrit\u00e9","publisher":{"@id":"https:\/\/gestionsanispec.ca\/#organization"},"potentialAction":[{"@type":"SearchAction","target":{"@type":"EntryPoint","urlTemplate":"https:\/\/gestionsanispec.ca\/?s={search_term_string}"},"query-input":{"@type":"PropertyValueSpecification","valueRequired":true,"valueName":"search_term_string"}}],"inLanguage":"en-CA"},{"@type":"Organization","@id":"https:\/\/gestionsanispec.ca\/#organization","name":"Gestion Sanispec","url":"https:\/\/gestionsanispec.ca\/","logo":{"@type":"ImageObject","inLanguage":"en-CA","@id":"https:\/\/gestionsanispec.ca\/#\/schema\/logo\/image\/","url":"https:\/\/gestionsanispec.ca\/wp-content\/uploads\/2025\/03\/logo_gestionsanispec.png","contentUrl":"https:\/\/gestionsanispec.ca\/wp-content\/uploads\/2025\/03\/logo_gestionsanispec.png","width":100,"height":100,"caption":"Gestion Sanispec"},"image":{"@id":"https:\/\/gestionsanispec.ca\/#\/schema\/logo\/image\/"}}]}},"_links":{"self":[{"href":"https:\/\/gestionsanispec.ca\/en\/wp-json\/wp\/v2\/pages\/661","targetHints":{"allow":["GET"]}}],"collection":[{"href":"https:\/\/gestionsanispec.ca\/en\/wp-json\/wp\/v2\/pages"}],"about":[{"href":"https:\/\/gestionsanispec.ca\/en\/wp-json\/wp\/v2\/types\/page"}],"author":[{"embeddable":true,"href":"https:\/\/gestionsanispec.ca\/en\/wp-json\/wp\/v2\/users\/1"}],"replies":[{"embeddable":true,"href":"https:\/\/gestionsanispec.ca\/en\/wp-json\/wp\/v2\/comments?post=661"}],"version-history":[{"count":4,"href":"https:\/\/gestionsanispec.ca\/en\/wp-json\/wp\/v2\/pages\/661\/revisions"}],"predecessor-version":[{"id":894,"href":"https:\/\/gestionsanispec.ca\/en\/wp-json\/wp\/v2\/pages\/661\/revisions\/894"}],"wp:attachment":[{"href":"https:\/\/gestionsanispec.ca\/en\/wp-json\/wp\/v2\/media?parent=661"}],"curies":[{"name":"wp","href":"https:\/\/api.w.org\/{rel}","templated":true}]}}